{"id":982,"date":"2021-11-10T21:23:45","date_gmt":"2021-11-10T21:23:45","guid":{"rendered":"https:\/\/talenthuntinc.com\/etudes-de-cas\/accelerez-le-processus-ameliorez-les-performances\/"},"modified":"2022-05-19T06:50:56","modified_gmt":"2022-05-19T06:50:56","slug":"accelerez-le-processus-ameliorez-les-performances","status":"publish","type":"page","link":"https:\/\/talenthuntinc.com\/fr\/etudes-de-cas\/accelerez-le-processus-ameliorez-les-performances\/","title":{"rendered":"Acc\u00e9l\u00e9rez le processus, am\u00e9liorez les performances"},"content":{"rendered":"<p>Une soci\u00e9t\u00e9 de logiciels \/ fournisseur de solutions (SaaS) reconnu internationalement pour leur plates-formes infonuagique oeuvrant\r\ndans le domaine de l\u2019intelligence en affaire et de l&rsquo;analyse, cherchait \u00e0 am\u00e9liorer la continuit\u00e9 du processus d&#8217;embauche.<\/p>\r\n<h2>OBJECTIFS<\/h2>\r\n<ul>\r\n\t<li>Am\u00e9liorer radicalement le d\u00e9lai d&#8217;embauche<\/li>\r\n\t<li>R\u00e9duire les co\u00fbts d&#8217;embauche inutiles et am\u00e9liorez la r\u00e9tention d\u2019employ\u00e9s<\/li>\r\n\t<li>D\u00e9velopper un processus d&#8217;embauche efficace, reproductible et agr\u00e9able qui produit constamment des r\u00e9sultats pr\u00e9visibles<\/li>\r\n\t<li>Identifier, embaucher et conserver les candidats avec succ\u00e8s<\/li>\r\n\t<li>Am\u00e9liorer les comp\u00e9tences des gestionnaires d&#8217;embauche dans les processus d&rsquo;acquisition de talents.<\/li>\r\n\t<li>R\u00e9viser les campagnes de recrutement peu performantes et les descriptions de poste inefficaces<\/li>\r\n<\/ul>\r\n<h2>BUT<\/h2>\r\n<p>\u00c0 une \u00e9poque tr\u00e8s prometteuse de l&rsquo;espace SaaS, notre objectif \u00e9tait de permettre \u00e0 l&rsquo;entreprise d&rsquo;utiliser une plateforme d&rsquo;acquisition de talents rentable, strat\u00e9gique, soutenue par les neurosciences, qui pourrait \u00e9liminer tout obstacles \u00e0 l&#8217;embauche. Celle qui pourrait cr\u00e9er une facilit\u00e9 de transition, donner des r\u00e9sultats efficaces et un soutien total pour les responsables du recrutement. Ce processus commence par guider le client tout au long de notre processus exclusif et complet, y compris la\r\nd\u00e9couverte, les entretiens avec les parties prenantes, la formation, le logiciel, le support et l&rsquo;approvisionnement des candidats<\/p>\r\n<h2>D\u00c9COUVERTE<\/h2>\r\n<p>Il s&rsquo;agit d&rsquo;un processus \u00e9tape par \u00e9tape confortable et simple, sp\u00e9cialement con\u00e7u pour d\u00e9couvrir les besoins et les d\u00e9fis r\u00e9els, et\r\npas seulement ceux qui sont \u00e9vidents pour les entreprises. Les informations r\u00e9v\u00e9l\u00e9es par la d\u00e9couverte sont ensuite quantifi\u00e9es, leur\r\nimpact mesur\u00e9 et partag\u00e9, afin de trouver des r\u00e9sultats tangibles convenus qui conduiront \u00e0 des succ\u00e8s reproductibles.<\/p>\r\n<h2>ENTREVUES AVEC LES PARTIES PRENANTES<\/h2>\r\n <h3><em>Ce processus \u00e9tait si diff\u00e9rent de tout autre Prestataire.<\/em><\/h3>\r\n<p>L&rsquo;\u00e9tape suivante consistait \u00e0 rencontrer les gestionnaires d&#8217;embauche, les recruteurs et la direction de l&rsquo;entreprise pour tenir compte\r\ndes besoins et des d\u00e9sirs individuels tout en tra\u00e7ant une voie vers un \u00e9tat futur id\u00e9al. Ce processus a \u00e9galement \u00e9t\u00e9 utilis\u00e9 pour\r\napprofondir la compr\u00e9hension des produits de l&rsquo;organisation et la valeur de ces produits pour leurs clients. Accro\u00eetre notre\r\nconnaissance de l&rsquo;entreprise de sa position sur le march\u00e9, de ses objectifs, de ses produits, de ses services et de ses propres\r\nexigences fait partie du service personnalis\u00e9 offert aux clients de TalenHunt.<\/p>\r\n<h2>FORMATION<\/h2>\r\n<p>Ici, l&rsquo;efficacit\u00e9 \u00e9tait une priorit\u00e9. Par cons\u00e9quent, une exp\u00e9rience d&rsquo;apprentissage mixte a \u00e9t\u00e9 rapidement mise en place pour les\r\nresponsables du recrutement et de l&#8217;embauche. L&rsquo;organisation a commenc\u00e9 le processus de formation par le perfectionnement dans\r\ndes domaines tels que :<\/p>\r\n<ul>\r\n\t<li>Approches scientifiques de l&#8217;embauche<\/li>\r\n\t<li>Construire des descriptions de poste uniques et utiles <\/li>\r\n<\/ul>\r\n<h2>LOGICIEL<\/h2>\r\n<p>Pour r\u00e9pondre aux besoins sp\u00e9cifiques du fournisseur de solutions SaaS, une conception sur mesure\r\nde notre plateforme d&#8217;embauche num\u00e9rique a \u00e9t\u00e9 configur\u00e9e pour r\u00e9pondre \u00e0 ses exigences uniques.<\/p>\r\n<h2>SUPPORT<\/h2> \r\n<h3><em>\u201cL&rsquo;exp\u00e9rience est presque comme un avantage au travail.\u201d<\/em><\/h3>\r\n<p>Parall\u00e8lement \u00e0 la formation, nous avons \u00e9galement connect\u00e9 l&rsquo;entreprise \u00e0 une plate-forme d&rsquo;assistance aux utilisateurs \u00ab\u00a0Just In\r\nTime\u00a0\u00bb, qui \u00e9tait disponible en temps r\u00e9el via Zoom, chat en direct ou e-mail.<\/p>\r\n<h2>LIVRAISON<\/h2>\r\n<p>Ici, la soci\u00e9t\u00e9 SaaS, gr\u00e2ce \u00e0 notre soutien, a pourvu avec succ\u00e8s tous les postes demand\u00e9s dans les 45\r\njours et a choisi de poursuivre nos services en ajoutant une deuxi\u00e8me phase pour r\u00e9pondre \u00e0 leurs besoins en vente de logiciels, en\r\ning\u00e9nierie des ventes, en d\u00e9veloppement commercial et en recrutement de dirigeants.<\/p>\r\n<h2>R\u00c9SULTATS<\/h2>\r\n<p>Les commentaires des clients pour le support de TalentHunt ont \u00e9t\u00e9 tr\u00e8s bien accueillis. L&rsquo;organisation a fait part de son excitation et\r\nde son enthousiasme \u00e0 l&rsquo;\u00e9gard du processus de formation, de son perfectionnement personnel et de son exp\u00e9rience globale avec la\r\nplateforme d&rsquo;acquisition et de r\u00e9tention des talents. L&rsquo;entreprise a not\u00e9 sp\u00e9cifiquement que \u00ab\u00a0ce processus \u00e9tait si diff\u00e9rent de tout\r\nautre fournisseur\u00a0\u00bb avec lequel elle avait travaill\u00e9 et que ses utilisateurs avaient l&rsquo;impression \u00ab\u00a0que l&rsquo;exp\u00e9rience est presque comme un\r\navantage au travail.\u00a0\u00bb.<\/p>\r\n<h2>UNE FA\u00c7ON PLUS INTELLIGENTE DE CHASSER LES TALENTS<\/h2>\r\n<p>Si votre organisation souhaite r\u00e9duire consid\u00e9rablement le temps et l&rsquo;argent perdus dans votre processus d&#8217;embauche tout en\r\nam\u00e9liorant la reconnaissance de la marque et la satisfaction au travail des employ\u00e9s, d\u00e9couvrez comment TalentHunt peut am\u00e9liorer\r\nvotre processus d&#8217;embauche et le rendre plus rentable et plus agr\u00e9able.<\/p>\r\n\r\n\t<div class=\"ml-lg-3 mb-4 pt-3\">\n\t\t<div class=\"mt-0 mb-5 d-md-flex py-4 px-2 p-lg-4 text-md-left text-center align-items-center cta border-3 border-primary\">\n\t\t<span class=\"rounded-circle ellipse th_color_primary_bg text-center col\">\n\t<i class=\"fas fa-check text-white th_text_25 th_line_height_13\"><\/i>\n\t<\/span>\n\t<div class=\"ml-md-3 pl-md-2 d-md-flex align-items-center mt-3 mt-md-0 mb-4 mb-md-0\">\n\t<span class=\"d-block th_font_default th_text_bold th_text_20 th_line_height_24 th_color_primary th_letter_spacing_normal pr-lg-4\">D\u00e9marrez et optimisez vos processus de recrutement.<\/span>\n\t<\/div> \n\t \t\t<a href=\"https:\/\/talenthuntinc.com\/fr\/\/contact-us\/\" class=\"ml-auto mb-sm-0 mb-2\">\n\t\t<button class=\"btn btn-primary ml-auto mb-sm-0 mb-2 box-shadow\">\n\t\tContactez-nous\t\t<\/button>\n\t\t<\/a>\n\t\t<\/div>\n\t<\/div>\n\t","protected":false},"excerpt":{"rendered":"Une soci\u00e9t\u00e9 de logiciels \/ fournisseur de solutions (SaaS) reconnu internationalement pour leur plates-formes infonuagique oeuvrant dans le domaine de l\u2019intelligence en affaire et de","protected":false},"author":3,"featured_media":0,"parent":979,"menu_order":0,"comment_status":"closed","ping_status":"closed","template":"page-templates\/talent-subpagesidebar.php","meta":{"_acf_changed":false,"footnotes":""},"class_list":["post-982","page","type-page","status-publish","hentry"],"acf":[],"_links":{"self":[{"href":"https:\/\/talenthuntinc.com\/fr\/wp-json\/wp\/v2\/pages\/982","targetHints":{"allow":["GET"]}}],"collection":[{"href":"https:\/\/talenthuntinc.com\/fr\/wp-json\/wp\/v2\/pages"}],"about":[{"href":"https:\/\/talenthuntinc.com\/fr\/wp-json\/wp\/v2\/types\/page"}],"author":[{"embeddable":true,"href":"https:\/\/talenthuntinc.com\/fr\/wp-json\/wp\/v2\/users\/3"}],"replies":[{"embeddable":true,"href":"https:\/\/talenthuntinc.com\/fr\/wp-json\/wp\/v2\/comments?post=982"}],"version-history":[{"count":0,"href":"https:\/\/talenthuntinc.com\/fr\/wp-json\/wp\/v2\/pages\/982\/revisions"}],"up":[{"embeddable":true,"href":"https:\/\/talenthuntinc.com\/fr\/wp-json\/wp\/v2\/pages\/979"}],"wp:attachment":[{"href":"https:\/\/talenthuntinc.com\/fr\/wp-json\/wp\/v2\/media?parent=982"}],"curies":[{"name":"wp","href":"https:\/\/api.w.org\/{rel}","templated":true}]}}