{"id":973,"date":"2021-11-10T16:06:06","date_gmt":"2021-11-10T16:06:06","guid":{"rendered":"https:\/\/talenthuntinc.com\/solutions-de-processus-de-recrutement\/"},"modified":"2022-05-17T12:21:18","modified_gmt":"2022-05-17T12:21:18","slug":"solutions-de-processus-de-recrutement","status":"publish","type":"page","link":"https:\/\/talenthuntinc.com\/fr\/prestations-de-service\/solutions-de-processus-de-recrutement\/","title":{"rendered":"Solutions de processus de recrutement"},"content":{"rendered":"<p>Cr\u00e9\u00e9es dans le but de d\u00e9velopper une approche r\u00e9volutionnaire en mati\u00e8re de recrutement, les solutions de processus de\r\nrecrutement exclusives de TalentHunt offrent aux clients une strat\u00e9gie compl\u00e8te de recrutement et de r\u00e9tention qui produit des\r\nr\u00e9sultats exceptionnels et coh\u00e9rents.<\/p>\r\n<p><img loading=\"lazy\" decoding=\"async\" width=\"1500\" height=\"750\" class=\"img-100 alignleft wp-image-942 size-full\" src=\"https:\/\/talenthuntinc.com\/wp-content\/uploads\/2021\/11\/Recruitment-Process-Solutions-1.jpeg\" alt=\"Recruitment Process Solutions\" srcset=\"https:\/\/talenthuntinc.com\/wp-content\/uploads\/2021\/11\/Recruitment-Process-Solutions-1.jpeg 1500w, https:\/\/talenthuntinc.com\/wp-content\/uploads\/2021\/11\/Recruitment-Process-Solutions-1-300x150.jpeg 300w, https:\/\/talenthuntinc.com\/wp-content\/uploads\/2021\/11\/Recruitment-Process-Solutions-1-1024x512.jpeg 1024w, https:\/\/talenthuntinc.com\/wp-content\/uploads\/2021\/11\/Recruitment-Process-Solutions-1-768x384.jpeg 768w\" sizes=\"auto, (max-width: 1500px) 100vw, 1500px\" \/><\/p>\r\n<p>&nbsp;<\/p>\r\n<p>Agissant comme une extension de votre entreprise, nous fournissons aux organisations un syst\u00e8me de recrutement sup\u00e9rieur aux autres sur le march\u00e9 des talents.<\/p>\r\n<p>Nous commen\u00e7ons par un processus d&rsquo;assimilation rapide pour s\u00e9curiser rapidement les talents de haut niveau. TalentHunt\r\ncombine notre exp\u00e9rience en acquisition de talents avec un diagnostic complet de votre secteur, du march\u00e9 des talents, des\r\ntendances actuelles, du paysage concurrentiel et des objectifs, valeurs et besoins sp\u00e9cifiques de votre organisation.<\/p>\r\n<p>Travaillant dans un processus collaboratif avec nos partenaires experts de l&rsquo;industrie, TalentHunt cr\u00e9e un \u00e9cosyst\u00e8me o\u00f9 nous pouvons soutenir nos clients en offrant une exp\u00e9rience bien sup\u00e9rieure aux services transactionnels de chasse de t\u00eate et de recrutement.<\/p>\r\n<p>En faisant passer le recrutement d&rsquo;un processus r\u00e9actif \u00e0 un processus proactif, nous \u00e9liminons le stress et la perte de temps et\r\nd&rsquo;argent li\u00e9s \u00e0 l&#8217;embauche en fournissant une structure qui responsabilise les entreprises et les responsables du recrutement.<\/p>\r\n<p>Notre objectif est de soutenir les entreprises en recherchant et en s\u00e9curisant de mani\u00e8re activement des talents exceptionnels sans\r\nsacrifier les normes, l&rsquo;\u00e9thique ou la qualit\u00e9.<\/p>\r\n<p>Nous avons:<\/p>\r\n<ul>\r\n\t<li>B\u00e2ti des organisations de haut en bas pour plus de 150 entreprises<\/li>\r\n\t<li>Achemin\u00e9 plus de 150 000 placements<\/li>\r\n\t<li>Repr\u00e9sent\u00e9 plus de 600 000 candidats<\/li>\r\n\t<li>R\u00e9alis\u00e9 plus d&rsquo;un million d&rsquo;interactions et d&rsquo;entretiens avec les candidats<\/li>\r\n<\/ul>\r\n<p>Nous avons soutenu la cr\u00e9ation d&rsquo;organisations grandes et petites ; d&rsquo;\u00e9quipes de dix personnes \u00e0 des organisations enti\u00e8res dans de multiples secteurs.<\/p>\r\n\t<div class=\"ml-lg-3 mb-4 pt-3\">\n\t\t<div class=\"mt-0 mb-5 d-md-flex py-4 px-2 p-lg-4 text-md-left text-center align-items-center cta border-3 border-primary\">\n\t\t<span class=\"rounded-circle ellipse th_color_primary_bg text-center col\">\n\t<i class=\"fas fa-check text-white th_text_25 th_line_height_13\"><\/i>\n\t<\/span>\n\t<div class=\"ml-md-3 pl-md-2 d-md-flex align-items-center mt-3 mt-md-0 mb-4 mb-md-0\">\n\t<span class=\"d-block th_font_default th_text_bold th_text_20 th_line_height_24 th_color_primary th_letter_spacing_normal pr-lg-4\">Contactez-nous et en savoir plus<\/span>\n\t<\/div> \n\t \t\t<a href=\"https:\/\/talenthuntinc.com\/fr\/\/contact-us\/\" class=\"ml-auto mb-sm-0 mb-2\">\n\t\t<button class=\"btn btn-primary ml-auto mb-sm-0 mb-2 box-shadow\">\n\t\tContactez-nous\t\t<\/button>\n\t\t<\/a>\n\t\t<\/div>\n\t<\/div>\n\t","protected":false},"excerpt":{"rendered":"Cr\u00e9\u00e9es dans le but de d\u00e9velopper une approche r\u00e9volutionnaire en mati\u00e8re de recrutement, les solutions de processus de recrutement exclusives de TalentHunt offrent aux clients","protected":false},"author":3,"featured_media":0,"parent":974,"menu_order":0,"comment_status":"closed","ping_status":"closed","template":"page-templates\/talent-subpagesidebar.php","meta":{"_acf_changed":false,"footnotes":""},"class_list":["post-973","page","type-page","status-publish","hentry"],"acf":[],"_links":{"self":[{"href":"https:\/\/talenthuntinc.com\/fr\/wp-json\/wp\/v2\/pages\/973","targetHints":{"allow":["GET"]}}],"collection":[{"href":"https:\/\/talenthuntinc.com\/fr\/wp-json\/wp\/v2\/pages"}],"about":[{"href":"https:\/\/talenthuntinc.com\/fr\/wp-json\/wp\/v2\/types\/page"}],"author":[{"embeddable":true,"href":"https:\/\/talenthuntinc.com\/fr\/wp-json\/wp\/v2\/users\/3"}],"replies":[{"embeddable":true,"href":"https:\/\/talenthuntinc.com\/fr\/wp-json\/wp\/v2\/comments?post=973"}],"version-history":[{"count":0,"href":"https:\/\/talenthuntinc.com\/fr\/wp-json\/wp\/v2\/pages\/973\/revisions"}],"up":[{"embeddable":true,"href":"https:\/\/talenthuntinc.com\/fr\/wp-json\/wp\/v2\/pages\/974"}],"wp:attachment":[{"href":"https:\/\/talenthuntinc.com\/fr\/wp-json\/wp\/v2\/media?parent=973"}],"curies":[{"name":"wp","href":"https:\/\/api.w.org\/{rel}","templated":true}]}}