{"id":971,"date":"2021-11-10T17:28:42","date_gmt":"2021-11-10T17:28:42","guid":{"rendered":"https:\/\/talenthuntinc.com\/solutions-de-retention\/"},"modified":"2022-05-17T10:48:57","modified_gmt":"2022-05-17T10:48:57","slug":"solutions-de-retention","status":"publish","type":"page","link":"https:\/\/talenthuntinc.com\/fr\/prestations-de-service\/solutions-de-retention\/","title":{"rendered":"Solutions de r\u00e9tention"},"content":{"rendered":"<p>L&rsquo;objectif de chaque campagne de recrutement est de recruter des personnes talentueuses qui peuvent avoir un impact imm\u00e9diat et\r\ndes contributions significatives \u00e0 long terme qui feront avancer votre entreprise.<\/p>\r\n<p>Les partenariats de TalentHunt avec Hirebrain et le Coll\u00e8ge Kingstown offrent \u00e0 votre entreprise une plateforme de solution de\r\nr\u00e9tention \u00e0 la pointe de l&rsquo;industrie qui garantit que le talent que vous avez cibl\u00e9, suivi et embauch\u00e9 est le talent que vous gardez<\/p>\r\n\r\n<div id=\"accordion9426\" class=\"accordion pt-2 mt-4\">\r\n<div class=\"card rounded-0\">\n\t    <div id=\"headingOnecollapse6935\" data-toggle=\"collapse\" data-target=\"#collapse6935\" aria-controls=\"collapse6935\" class=\"card-header py-4 th_color_white_bg border-bottom-0\">\n\t        <h4 class=\"mb-0 text-decoration-none pb-1 cursor-pointer\">HIREBRAIN<span class=\"accordion_icon float-right\"><i class=\"fas fa-plus-circle th_text_20 toggle_icon th_color_primary mt-1 mt-lg-0\" ><\/i><\/span><\/h4>\n\t    <\/div>\n\t    <div id=\"collapse6935\" class=\"collapse \" aria-labelledby=\"headingOne\" data-parent=\"#accordion9426\">\n\t        <div class=\"card-body pr-xl-5 pt-0\">\r\n<p>HIREBRAIN, un syst\u00e8me de probabilit\u00e9 d&#8217;embauche favorable, efficace et agr\u00e9able, fournit une plate-forme de recrutement et de\r\nr\u00e9tention personnalis\u00e9e qui \u00e9limine une grande partie de l&rsquo;incertitude dans le processus d&#8217;embauche.<\/p>\r\n<p>Un syst\u00e8me de soutien pour les gestionnaires d&#8217;embauche fond\u00e9 sur les neurosciences, Hirebrain r\u00e9sout les d\u00e9fis d&#8217;embauche les\r\nplus difficiles tout en offrant des am\u00e9liorations spectaculaires en mati\u00e8re de responsabilisation, de productivit\u00e9 et d&rsquo;engagement des\r\nemploy\u00e9s.<\/p>\r\n<p>Il s&rsquo;agit d&rsquo;une m\u00e9thode innovante d&#8217;embauche et de formation aux entretiens qui aide les organisations en fournissant une\r\nplate-forme pour des choix d&#8217;embauche coh\u00e9rents et efficaces. Hirebrain permet de gagner du temps et de rationaliser le processus\r\nd&#8217;embauche tout en obtenant des r\u00e9sultats de r\u00e9tention des employ\u00e9s largement sup\u00e9rieurs.<\/p>\r\n<h2>Embauchez intelligemment, embauchez avec TalentHunt + Hirebrain<\/h2>\r\n\r\n\t<div class=\"ml-lg-3 mb-4 pt-3\">\n\t\t<div class=\"mt-0 mb-5 d-md-flex py-4 px-2 p-lg-4 text-md-left text-center align-items-center cta border-3 border-primary\">\n\t\t<span class=\"rounded-circle ellipse th_color_primary_bg text-center col\">\n\t<i class=\"fas fa-check text-white th_text_25 th_line_height_13\"><\/i>\n\t<\/span>\n\t<div class=\"ml-md-3 pl-md-2 d-md-flex align-items-center mt-3 mt-md-0 mb-4 mb-md-0\">\n\t<span class=\"d-block th_font_default th_text_bold th_text_20 th_line_height_24 th_color_primary th_letter_spacing_normal pr-lg-4\">Embaucher et chasser facilement et intelligemment\r\nCommencer ici<\/span>\n\t<\/div> \n\t \t\t<a href=\"https:\/\/talenthuntinc.com\/fr\/\/contact-us\/\" class=\"ml-auto mb-sm-0 mb-2\">\n\t\t<button class=\"btn btn-primary ml-auto mb-sm-0 mb-2 box-shadow\">\n\t\tContactez-nous\t\t<\/button>\n\t\t<\/a>\n\t\t<\/div>\n\t<\/div>\n\t\r\n<\/div>\n\t    <\/div>\n\t<\/div>\r\n<div class=\"card rounded-0\">\n\t    <div id=\"headingOnecollapse10743\" data-toggle=\"collapse\" data-target=\"#collapse10743\" aria-controls=\"collapse10743\" class=\"card-header py-4 th_color_white_bg border-bottom-0\">\n\t        <h4 class=\"mb-0 text-decoration-none pb-1 cursor-pointer\">COLL\u00c8GE KINGSTOWN<span class=\"accordion_icon float-right\"><i class=\"fas fa-plus-circle th_text_20 toggle_icon th_color_primary mt-1 mt-lg-0\" ><\/i><\/span><\/h4>\n\t    <\/div>\n\t    <div id=\"collapse10743\" class=\"collapse \" aria-labelledby=\"headingOne\" data-parent=\"#accordion9426\">\n\t        <div class=\"card-body pr-xl-5 pt-0\">\r\n<p>Les programmes de mentorat constituent un aspect important pour attirer et d\u00e9velopper des talents d&rsquo;impact \u00e9lev\u00e9 dans votre\r\norganisation.<\/p>\r\n<p>Le partenariat de TalentHunt avec le COLL\u00c8GE KINGSTOWN offre l&rsquo;acc\u00e8s \u00e0 un programme de certificat de mentorat r\u00e9volutionnaire\r\net en demande. Ce programme formera des mentors puissants, am\u00e9liorera les comp\u00e9tences des employ\u00e9s, renforcera l&rsquo;attrait de\r\nl\u2019organisation, renforcera la loyaut\u00e9 organisationnelle et ajoutera de nombreux autres avantages peu co\u00fbteux et durables pour les\r\nmentors, les employ\u00e9s et votre entreprise.<\/p>\r\n<p>Le programme de formation au mentorat du Coll\u00e8ge Kingstown contribue \u00e0 un syst\u00e8me permettant de maximiser le d\u00e9veloppement\r\net la croissance des talents tout en renfor\u00e7ant simultan\u00e9ment la loyaut\u00e9 et la contribution des employ\u00e9s.\r\nCette transformation accr\u00e9dit\u00e9e et en demande d\u00e9veloppe les \u00e9tudiants en mentors inspirants et percutants ainsi qu\u2019en employ\u00e9s\r\nengag\u00e9s, loyaux et plus productifs.\r\nUn programme con\u00e7u pour transformer de bons employ\u00e9s en excellents employ\u00e9s et d&rsquo;excellents employ\u00e9s en exceptionnels.\r\nLe mentorat permet une augmentation de 20 % des taux de r\u00e9tention et est l&rsquo;une des m\u00e9thodes les plus puissantes qu&rsquo;une\r\norganisation puisse utiliser pour d\u00e9velopper ses talents, apportant des avantages significatifs et durables aux mentor\u00e9s, aux mentors\r\net \u00e0 l&rsquo;ensemble de l&rsquo;organisation.\r\nLe programme vous assurera de d\u00e9velopper un solide bassin de mentors efficaces et des mentor\u00e9s engag\u00e9s, qui rehausseront la\r\nculture d&rsquo;entreprise, la fid\u00e9lit\u00e9 des employ\u00e9s et la performance globale.<\/p>\r\n<p>C&rsquo;est Chasse et Embauche en chef de file.<\/p>\r\n\r\n\t<div class=\"ml-lg-3 mb-4 pt-3\">\n\t\t<div class=\"mt-0 mb-5 d-md-flex py-4 px-2 p-lg-4 text-md-left text-center align-items-center cta border-3 border-primary\">\n\t\t<span class=\"rounded-circle ellipse th_color_primary_bg text-center col\">\n\t<i class=\"fas fa-check text-white th_text_25 th_line_height_13\"><\/i>\n\t<\/span>\n\t<div class=\"ml-md-3 pl-md-2 d-md-flex align-items-center mt-3 mt-md-0 mb-4 mb-md-0\">\n\t<span class=\"d-block th_font_default th_text_bold th_text_20 th_line_height_24 th_color_primary th_letter_spacing_normal pr-lg-4\">D\u00e9veloppez ici les prochains grands mentors de votre entreprise<\/span>\n\t<\/div> \n\t \t\t<a href=\"https:\/\/talenthuntinc.com\/fr\/\/contact-us\/\" class=\"ml-auto mb-sm-0 mb-2\">\n\t\t<button class=\"btn btn-primary ml-auto mb-sm-0 mb-2 box-shadow\">\n\t\tContactez-nous\t\t<\/button>\n\t\t<\/a>\n\t\t<\/div>\n\t<\/div>\n\t\r\n<\/div>\n\t    <\/div>\n\t<\/div>\r\n<\/div>","protected":false},"excerpt":{"rendered":"L&rsquo;objectif de chaque campagne de recrutement est de recruter des personnes talentueuses qui peuvent avoir un impact imm\u00e9diat et des contributions significatives \u00e0 long terme","protected":false},"author":3,"featured_media":0,"parent":974,"menu_order":0,"comment_status":"closed","ping_status":"closed","template":"page-templates\/talent-subpagesidebar.php","meta":{"_acf_changed":false,"footnotes":""},"class_list":["post-971","page","type-page","status-publish","hentry"],"acf":[],"_links":{"self":[{"href":"https:\/\/talenthuntinc.com\/fr\/wp-json\/wp\/v2\/pages\/971","targetHints":{"allow":["GET"]}}],"collection":[{"href":"https:\/\/talenthuntinc.com\/fr\/wp-json\/wp\/v2\/pages"}],"about":[{"href":"https:\/\/talenthuntinc.com\/fr\/wp-json\/wp\/v2\/types\/page"}],"author":[{"embeddable":true,"href":"https:\/\/talenthuntinc.com\/fr\/wp-json\/wp\/v2\/users\/3"}],"replies":[{"embeddable":true,"href":"https:\/\/talenthuntinc.com\/fr\/wp-json\/wp\/v2\/comments?post=971"}],"version-history":[{"count":0,"href":"https:\/\/talenthuntinc.com\/fr\/wp-json\/wp\/v2\/pages\/971\/revisions"}],"up":[{"embeddable":true,"href":"https:\/\/talenthuntinc.com\/fr\/wp-json\/wp\/v2\/pages\/974"}],"wp:attachment":[{"href":"https:\/\/talenthuntinc.com\/fr\/wp-json\/wp\/v2\/media?parent=971"}],"curies":[{"name":"wp","href":"https:\/\/api.w.org\/{rel}","templated":true}]}}