{"id":966,"date":"2021-10-26T12:41:14","date_gmt":"2021-10-26T12:41:14","guid":{"rendered":"https:\/\/talenthuntinc.com\/notre-processus\/"},"modified":"2022-05-12T14:22:29","modified_gmt":"2022-05-12T14:22:29","slug":"notre-processus","status":"publish","type":"page","link":"https:\/\/talenthuntinc.com\/fr\/notre-processus\/","title":{"rendered":"Notre processus"},"content":{"rendered":"<div class=\"pb-0 pb-md-5 pb-lg-0 mb-0 mb-md-5 mb-lg-0\">\r\n<div id=\"accordion3950\" class=\"accordion pt-2 mt-4\">\r\n<div class=\"card rounded-0\">\n\t    <div id=\"headingOnecollapse23625\" data-toggle=\"collapse\" data-target=\"#collapse23625\" aria-controls=\"collapse23625\" class=\"card-header py-4 th_color_white_bg border-bottom-0\">\n\t        <h4 class=\"mb-0 text-decoration-none pb-1 cursor-pointer\">CHASSER<span class=\"accordion_icon float-right\"><i class=\"fas fa-plus-circle th_text_20 toggle_icon th_color_primary mt-1 mt-lg-0\" ><\/i><\/span><\/h4>\n\t    <\/div>\n\t    <div id=\"collapse23625\" class=\"collapse \" aria-labelledby=\"headingOne\" data-parent=\"#accordion3950\">\n\t        <div class=\"card-body pr-xl-5 pt-0\">\r\n<ul>\r\n<li>Vous recherchez les meilleurs talents et nous savons o\u00f9 les trouver, les traquer et comment vous les apporter. Cela peut\r\nvraiment \u00eatre aussi simple que cela. <\/li>\r\n<li>Notre processus de recherche de talents est con\u00e7u pour r\u00e9pondre aux besoins sp\u00e9cifiques de votre organisation et aux\r\nexigences de vos opportunit\u00e9s d&#8217;embauches. Incorporant un syst\u00e8me de ciblage des talents r\u00e9volutionnaire qui comprend :\r\nune analyse \u00e0 large spectre de notre base de donn\u00e9es de candidats, les derni\u00e8res recherches en neurosciences cognitives\r\nvia la plate-forme d&rsquo;acquisition de talents num\u00e9riques Connectiv\u2122, le perfectionnement de la promotion d&#8217;emploi sur les\r\nr\u00e9seaux sociaux et une recherche active, discr\u00e8te et professionnelle de chasses de t\u00eate \u00e0 grand d\u00e9ploiement.<\/li> \r\n<\/ul>\r\n\t<div class=\"ml-lg-3 mb-4 pt-3\">\n\t\t<div class=\"mt-0 mb-5 d-md-flex py-4 px-2 p-lg-4 text-md-left text-center align-items-center cta border-3 border-primary\">\n\t\t<span class=\"rounded-circle ellipse th_color_primary_bg text-center col\">\n\t<i class=\"fas fa-check text-white th_text_25 th_line_height_13\"><\/i>\n\t<\/span>\n\t<div class=\"ml-md-3 pl-md-2 d-md-flex align-items-center mt-3 mt-md-0 mb-4 mb-md-0\">\n\t<span class=\"d-block th_font_default th_text_bold th_text_20 th_line_height_24 th_color_primary th_letter_spacing_normal pr-lg-4\">Start hunting your next great hire<\/span>\n\t<\/div> \n\t \t\t<a href=\"https:\/\/talenthuntinc.com\/fr\/\/contact-us\/\" class=\"ml-auto mb-sm-0 mb-2\">\n\t\t<button class=\"btn btn-primary ml-auto mb-sm-0 mb-2 box-shadow\">\n\t\tContactez-nous\t\t<\/button>\n\t\t<\/a>\n\t\t<\/div>\n\t<\/div>\n\t\r\n<\/div>\n\t    <\/div>\n\t<\/div>\r\n<div class=\"card rounded-0\">\n\t    <div id=\"headingOnecollapse30480\" data-toggle=\"collapse\" data-target=\"#collapse30480\" aria-controls=\"collapse30480\" class=\"card-header py-4 th_color_white_bg border-bottom-0\">\n\t        <h4 class=\"mb-0 text-decoration-none pb-1 cursor-pointer\">\u00c9VALUER<span class=\"accordion_icon float-right\"><i class=\"fas fa-plus-circle th_text_20 toggle_icon th_color_primary mt-1 mt-lg-0\" ><\/i><\/span><\/h4>\n\t    <\/div>\n\t    <div id=\"collapse30480\" class=\"collapse \" aria-labelledby=\"headingOne\" data-parent=\"#accordion3950\">\n\t        <div class=\"card-body pr-xl-5 pt-0\">\r\n<ul>\r\n<li>Un processus d&rsquo;\u00e9valuation des talents \u00e0 la pointe de l&rsquo;industrie pour vous offrir les employ\u00e9s que vous exigez, sans effort.\r\nParce que trouver de bons ou\u2026 chasser de bons candidats n&rsquo;a pas \u00e0 \u00eatre si difficile.\r\n<\/li>\r\n<li>Apr\u00e8s avoir rassembl\u00e9 un vivier de talents solide, qualifi\u00e9 et diversifi\u00e9 qui r\u00e9pond aux besoins de votre entreprise, l&rsquo;\u00e9quipe de\r\nTalent Hunt m\u00e8nera un processus de s\u00e9lection des candidats solide. Nous rencontrerons des candidats potentiels, utiliserons\r\nnotre partenariat Hirebrain pour une \u00e9valuation personnalis\u00e9e de l&rsquo;analyse d&#8217;embauche des candidats, effectuerons des\r\nv\u00e9rifications des ant\u00e9c\u00e9dents et des r\u00e9f\u00e9rences et organiserons une liste des meilleurs candidats potentiels pour votre\r\norganisation gr\u00e2ce \u00e0 un processus efficace, efficient et agr\u00e9able pour nos clients et leurs candidats.<\/li> \r\n<\/ul>\r\n\t<div class=\"ml-lg-3 mb-4 pt-3\">\n\t\t<div class=\"mt-0 mb-5 d-md-flex py-4 px-2 p-lg-4 text-md-left text-center align-items-center cta border-3 border-primary\">\n\t\t<span class=\"rounded-circle ellipse th_color_primary_bg text-center col\">\n\t<i class=\"fas fa-check text-white th_text_25 th_line_height_13\"><\/i>\n\t<\/span>\n\t<div class=\"ml-md-3 pl-md-2 d-md-flex align-items-center mt-3 mt-md-0 mb-4 mb-md-0\">\n\t<span class=\"d-block th_font_default th_text_bold th_text_20 th_line_height_24 th_color_primary th_letter_spacing_normal pr-lg-4\">Finding the perfect fit for your organization starts here<\/span>\n\t<\/div> \n\t \t\t<a href=\"https:\/\/talenthuntinc.com\/fr\/\/contact-us\/\" class=\"ml-auto mb-sm-0 mb-2\">\n\t\t<button class=\"btn btn-primary ml-auto mb-sm-0 mb-2 box-shadow\">\n\t\tContactez-nous\t\t<\/button>\n\t\t<\/a>\n\t\t<\/div>\n\t<\/div>\n\t\r\n<\/div>\n\t    <\/div>\n\t<\/div>\r\n<div class=\"card rounded-0\">\n\t    <div id=\"headingOnecollapse28563\" data-toggle=\"collapse\" data-target=\"#collapse28563\" aria-controls=\"collapse28563\" class=\"card-header py-4 th_color_white_bg border-bottom-0\">\n\t        <h4 class=\"mb-0 text-decoration-none pb-1 cursor-pointer\">G\u00c9RER<span class=\"accordion_icon float-right\"><i class=\"fas fa-plus-circle th_text_20 toggle_icon th_color_primary mt-1 mt-lg-0\" ><\/i><\/span><\/h4>\n\t    <\/div>\n\t    <div id=\"collapse28563\" class=\"collapse \" aria-labelledby=\"headingOne\" data-parent=\"#accordion3950\">\n\t        <div class=\"card-body pr-xl-5 pt-0\">\r\n<ul>\r\n<li>Vous accompagner, vous et votre campagne d&#8217;embauche, du d\u00e9but \u00e0 la fin. C&rsquo;est g\u00e9nial ? Laissez-nous nous occuper des\r\nd\u00e9tails, vous avez assez \u00e0 faire. Nous vous simplifierons l&#8217;embauche, qu&rsquo;en pensez-vous ? L\u2019union fait la force!\r\n<\/li>\r\n<li>Lors de la s\u00e9lection d&rsquo;un bassin de candidats, Talenthunt supervisera une transition en douceur de l&rsquo;\u00e9tape de prospection \u00e0\r\nl&rsquo;int\u00e9gration. Nous resterons engag\u00e9s avec tous les candidats s\u00e9lectionn\u00e9s tout au long du processus et nous nous occuperons de toute planification, proposerons des n\u00e9gociations et des commentaires pour rendre le processus d&#8217;embauche transparent et efficace.\r\n<\/li> \r\n<\/ul>\r\n\t<div class=\"ml-lg-3 mb-4 pt-3\">\n\t\t<div class=\"mt-0 mb-5 d-md-flex py-4 px-2 p-lg-4 text-md-left text-center align-items-center cta border-3 border-primary\">\n\t\t<span class=\"rounded-circle ellipse th_color_primary_bg text-center col\">\n\t<i class=\"fas fa-check text-white th_text_25 th_line_height_13\"><\/i>\n\t<\/span>\n\t<div class=\"ml-md-3 pl-md-2 d-md-flex align-items-center mt-3 mt-md-0 mb-4 mb-md-0\">\n\t<span class=\"d-block th_font_default th_text_bold th_text_20 th_line_height_24 th_color_primary th_letter_spacing_normal pr-lg-4\">The hiring support you always wanted is here, find out more<\/span>\n\t<\/div> \n\t \t\t<a href=\"https:\/\/talenthuntinc.com\/fr\/\/contact-us\/\" class=\"ml-auto mb-sm-0 mb-2\">\n\t\t<button class=\"btn btn-primary ml-auto mb-sm-0 mb-2 box-shadow\">\n\t\tContactez-nous\t\t<\/button>\n\t\t<\/a>\n\t\t<\/div>\n\t<\/div>\n\t\r\n<\/div>\n\t    <\/div>\n\t<\/div>\r\n<div class=\"card rounded-0\">\n\t    <div id=\"headingOnecollapse87215\" data-toggle=\"collapse\" data-target=\"#collapse87215\" aria-controls=\"collapse87215\" class=\"card-header py-4 th_color_white_bg border-bottom-0\">\n\t        <h4 class=\"mb-0 text-decoration-none pb-1 cursor-pointer\">CRO\u00ceTRE<span class=\"accordion_icon float-right\"><i class=\"fas fa-plus-circle th_text_20 toggle_icon th_color_primary mt-1 mt-lg-0\" ><\/i><\/span><\/h4>\n\t    <\/div>\n\t    <div id=\"collapse87215\" class=\"collapse \" aria-labelledby=\"headingOne\" data-parent=\"#accordion3950\">\n\t        <div class=\"card-body pr-xl-5 pt-0\">\r\n<ul>\r\n<li>Transformer des candidats talentueux en employ\u00e9s exceptionnels que votre entreprise exige et m\u00e9rite. Parce que vous ne\r\ndevriez pas avoir \u00e0 vous contenter de moins que le meilleur. Parce que les affaires peuvent \u00eatre une jungle, alors pourquoi ne\r\npas \u00eatre le roi ? Parce que le roi de la jungle ne se contente de rien de moins que du meilleur.\r\n<\/li>\r\n<li>Une fois que nous vous avons trouv\u00e9 le talent que vous recherchiez, il est temps de l&rsquo;aider \u00e0 s&rsquo;\u00e9panouir. Les services de\r\nmentorat de Talent Hunt, en association avec les programmes d&rsquo;accr\u00e9ditation de mentorat \u00e0 la demande du Coll\u00e8ge\r\nKingstown, offrent des cadres de mentorat et de d\u00e9veloppement des talents exceptionnels qui am\u00e9liorent les performances\r\norganisationnelles, la r\u00e9tention des employ\u00e9s, la satisfaction au travail et r\u00e9duisent les co\u00fbts dans votre organisation.<\/li> \r\n<\/ul>\r\n\t<div class=\"ml-lg-3 mb-4 pt-3\">\n\t\t<div class=\"mt-0 mb-5 d-md-flex py-4 px-2 p-lg-4 text-md-left text-center align-items-center cta border-3 border-primary\">\n\t\t<span class=\"rounded-circle ellipse th_color_primary_bg text-center col\">\n\t<i class=\"fas fa-check text-white th_text_25 th_line_height_13\"><\/i>\n\t<\/span>\n\t<div class=\"ml-md-3 pl-md-2 d-md-flex align-items-center mt-3 mt-md-0 mb-4 mb-md-0\">\n\t<span class=\"d-block th_font_default th_text_bold th_text_20 th_line_height_24 th_color_primary th_letter_spacing_normal pr-lg-4\">Begin the Mentoring Process here<\/span>\n\t<\/div> \n\t \t\t<a href=\"https:\/\/talenthuntinc.com\/fr\/\/contact-us\/\" class=\"ml-auto mb-sm-0 mb-2\">\n\t\t<button class=\"btn btn-primary ml-auto mb-sm-0 mb-2 box-shadow\">\n\t\tContactez-nous\t\t<\/button>\n\t\t<\/a>\n\t\t<\/div>\n\t<\/div>\n\t\r\n<\/div>\n\t    <\/div>\n\t<\/div>\r\n<\/div>\r\n<\/div>","protected":false},"excerpt":{"rendered":"","protected":false},"author":3,"featured_media":0,"parent":0,"menu_order":0,"comment_status":"closed","ping_status":"closed","template":"page-templates\/talent-subpagesidebar.php","meta":{"_acf_changed":false,"footnotes":""},"class_list":["post-966","page","type-page","status-publish","hentry"],"acf":[],"_links":{"self":[{"href":"https:\/\/talenthuntinc.com\/fr\/wp-json\/wp\/v2\/pages\/966","targetHints":{"allow":["GET"]}}],"collection":[{"href":"https:\/\/talenthuntinc.com\/fr\/wp-json\/wp\/v2\/pages"}],"about":[{"href":"https:\/\/talenthuntinc.com\/fr\/wp-json\/wp\/v2\/types\/page"}],"author":[{"embeddable":true,"href":"https:\/\/talenthuntinc.com\/fr\/wp-json\/wp\/v2\/users\/3"}],"replies":[{"embeddable":true,"href":"https:\/\/talenthuntinc.com\/fr\/wp-json\/wp\/v2\/comments?post=966"}],"version-history":[{"count":0,"href":"https:\/\/talenthuntinc.com\/fr\/wp-json\/wp\/v2\/pages\/966\/revisions"}],"wp:attachment":[{"href":"https:\/\/talenthuntinc.com\/fr\/wp-json\/wp\/v2\/media?parent=966"}],"curies":[{"name":"wp","href":"https:\/\/api.w.org\/{rel}","templated":true}]}}